{"id":877,"date":"2017-08-24T07:04:23","date_gmt":"2017-08-24T07:04:23","guid":{"rendered":"http:\/\/www.nicdarkthemes.com\/themes\/hotel\/wp\/demo\/hotel\/?page_id=877"},"modified":"2024-09-04T04:12:48","modified_gmt":"2024-09-04T04:12:48","slug":"cesta-pitanja","status":"publish","type":"page","link":"https:\/\/apartmaniukraljevu.rs\/en\/cesta-pitanja\/","title":{"rendered":"\u010cesta pitanja"},"content":{"rendered":"<div data-vc-full-width=\"true\" data-vc-full-width-init=\"false\" data-vc-parallax=\"1.5\" data-vc-parallax-image=\"https:\/\/apartmaniukraljevu.rs\/wp-content\/uploads\/2017\/07\/bedroom-interior-deisgn-full-relaxing-vibes-inspirational-ideas-your-home-scaled.jpg\" class=\"vc_row wpb_row vc_row-fluid nd_options_vc_parallax_filter_1_3 vc_custom_1725331215631 vc_row-has-fill vc_general vc_parallax vc_parallax-content-moving\"><div class=\"wpb_column vc_column_container vc_col-sm-2\"><div class=\"vc_column-inner\"><div class=\"wpb_wrapper\"><\/div><\/div><\/div><div class=\"nd_options_text_align_center wpb_column vc_column_container vc_col-sm-8\"><div class=\"vc_column-inner\"><div class=\"wpb_wrapper\"> <h1 style=\"color:#ffffff;padding:px;text-align:center;font-size:50px;line-height:50px;letter-spacing: px;font-weight:normal\" class=\"nd_options_first_font\">Naj\u010de\u0161\u0107a pitanja<\/h1> <div style=\"background-color:;height: 30px\" class=\"nicdark_section\"><\/div> <p style=\"color:#ffffff;padding:px;text-align:center;font-size:13px;line-height:25px;letter-spacing: 3px;font-weight:lighter\" class=\"nd_options_second_font\">U nastavku mo\u017eete pogledati neka od na\u0161ih naj\u010de\u0107ih pitanja<\/p> <div style=\"background-color:;height: 30px\" class=\"nicdark_section\"><\/div><\/div><\/div><\/div><div class=\"wpb_column vc_column_container vc_col-sm-2\"><div class=\"vc_column-inner\"><div class=\"wpb_wrapper\"><\/div><\/div><\/div><\/div><div class=\"vc_row-full-width vc_clearfix\"><\/div><div class=\"vc_row wpb_row vc_row-fluid vc_custom_1503564795532\"><div class=\"wpb_column vc_column_container vc_col-sm-12\"><div class=\"vc_column-inner\"><div class=\"wpb_wrapper\"> <h6 style=\"color:#878787;padding:px;text-align:center;font-size:12px;line-height:12px;letter-spacing: 2px;font-weight:lighter\" class=\"nd_options_second_font\">Uskoro<\/h6> <div style=\"background-color:;height: 10px\" class=\"nicdark_section\"><\/div><div style=\"background-color:;height: 10px\" class=\"nicdark_section\"><\/div><div style=\"background-color:;height: 10px\" class=\"nicdark_section\"><\/div><div style=\"background-color:;height: 10px\" class=\"nicdark_section\"><\/div>\n    <div class=\"nd_options_section nd_options_line_height_0  nd_options_text_align_center\">\n        <span style=\"height:1px;width:30px;background-color:#878787\" class=\"nd_options_display_inline_block\"><\/span>\n    <\/div>\n   <div style=\"background-color:;height: 30px\" class=\"nicdark_section\"><\/div> <h1 style=\"color:;padding:px;text-align:center;font-size:55px;line-height:px;letter-spacing: px;font-weight:normal\" class=\"nd_options_font_size_40_important_all_iphone nd_options_first_font\">\u010cesta pitanja \/ FAQ<\/h1> <\/div><\/div><\/div><\/div><div class=\"vc_row wpb_row vc_row-fluid\"><div class=\"wpb_column vc_column_container vc_col-sm-12\"><div class=\"vc_column-inner\"><div class=\"wpb_wrapper\"><div  class=\"vc_toggle vc_toggle_default vc_toggle_color_default  vc_toggle_size_lg vc_toggle_active vc_custom_1725423107570\"><div class=\"vc_toggle_title\"><h4>Koji su najbolji tipovi sme\u0161taja u Kraljevu?<\/h4><i class=\"vc_toggle_icon\"><\/i><\/div><div class=\"vc_toggle_content\"><p>Najbolji tip sme\u0161taja za najam u Kraljevu su stanovi na dan.<\/p>\n<\/div><\/div><div  class=\"vc_toggle vc_toggle_default vc_toggle_color_default  vc_toggle_size_lg vc_toggle_active vc_custom_1725423113762\"><div class=\"vc_toggle_title\"><h4>Da li su apartmani u Kraljevu najjeftiniji sme\u0161taj?<\/h4><i class=\"vc_toggle_icon\"><\/i><\/div><div class=\"vc_toggle_content\"><p>Apartmani u Kraljevu su najjeftiniji sme\u0161taj i predstavljaju odli\u010dnu alternativu hotelskom sme\u0161taju.<\/p>\n<\/div><\/div><div  class=\"vc_toggle vc_toggle_default vc_toggle_color_default  vc_toggle_size_lg vc_toggle_active vc_custom_1725423126409\"><div class=\"vc_toggle_title\"><h4>Kako mo\u017eete izvr\u0161iti pretragu apartmana u Kraljevu?<\/h4><i class=\"vc_toggle_icon\"><\/i><\/div><div class=\"vc_toggle_content\"><p>Pretraga apartmana u Kraljevu je jednostavna i personalizovana. Dovoljno je da po\u0161aljete upit putem kontakt forme kada odaberete apartman.<\/p>\n<\/div><\/div><div  class=\"vc_toggle vc_toggle_default vc_toggle_color_default  vc_toggle_size_lg vc_toggle_active vc_custom_1725423131257\"><div class=\"vc_toggle_title\"><h4>Koliko osoba se mo\u017ee smestiti u apartmane u Kraljevu?<\/h4><i class=\"vc_toggle_icon\"><\/i><\/div><div class=\"vc_toggle_content\"><p>Minimum 2 osobe se mogu smestiti u bilo koji apartman u Kraljevu, a najvi\u0161e 10 osoba, u zavisnosti od kapaciteta sme\u0161taja.<\/p>\n<\/div><\/div><div  class=\"vc_toggle vc_toggle_default vc_toggle_color_default  vc_toggle_size_lg vc_toggle_active vc_custom_1725423137314\"><div class=\"vc_toggle_title\"><h4>Da li je gostima obezbe\u0111en internet u sme\u0161taju?<\/h4><i class=\"vc_toggle_icon\"><\/i><\/div><div class=\"vc_toggle_content\"><p>Apartmani u Kraljevu su opremljeni besplatnim kablovskim Wi-Fi internetom.<\/p>\n<\/div><\/div><div  class=\"vc_toggle vc_toggle_default vc_toggle_color_default  vc_toggle_size_lg vc_toggle_active vc_custom_1725423141057\"><div class=\"vc_toggle_title\"><h4>Kako su opremljeni apartmani na dan u Kraljevu?<\/h4><i class=\"vc_toggle_icon\"><\/i><\/div><div class=\"vc_toggle_content\"><p>Apartmani u Kraljevu iz na\u0161e ponude opremljeni su kompletnom kuhinjom, zasebnim kupatilom i dnevnim boravkom, a neki nude i dodatne pogodnosti kao \u0161to su spa sadr\u017eaji.<\/p>\n<\/div><\/div><div  class=\"vc_toggle vc_toggle_default vc_toggle_color_default  vc_toggle_size_lg vc_toggle_active vc_custom_1725423145041\"><div class=\"vc_toggle_title\"><h4>Kako preuzimate klju\u010deve od apartmana?<\/h4><i class=\"vc_toggle_icon\"><\/i><\/div><div class=\"vc_toggle_content\"><p>Preuzimanje klju\u010deva i do\u010dek gostiju u Kraljevu vr\u0161i vlasnik apartmana ili posve\u0107eni doma\u0107in.<\/p>\n<\/div><\/div><div  class=\"vc_toggle vc_toggle_default vc_toggle_color_default  vc_toggle_size_lg vc_toggle_active vc_custom_1725423148954\"><div class=\"vc_toggle_title\"><h4>Ko se bavi izdavanjem apartmana u Kraljevu?<\/h4><i class=\"vc_toggle_icon\"><\/i><\/div><div class=\"vc_toggle_content\"><p>Svi apartmani u Kraljevu izdaju se preko lokalnih vlasnika.<\/p>\n<\/div><\/div><div  class=\"vc_toggle vc_toggle_default vc_toggle_color_default  vc_toggle_size_lg vc_toggle_active vc_custom_1725423152772\"><div class=\"vc_toggle_title\"><h4>Da li apartmani u Kraljevu poseduju parking?<\/h4><i class=\"vc_toggle_icon\"><\/i><\/div><div class=\"vc_toggle_content\"><p>Neki apartmani na dan u Kraljevu uklju\u010duju mogu\u0107nost parkinga, ukoliko to navedete u upitu prilikom rezervacije.<\/p>\n<\/div><\/div><div  class=\"vc_toggle vc_toggle_default vc_toggle_color_default  vc_toggle_size_lg vc_toggle_active vc_custom_1725423156209\"><div class=\"vc_toggle_title\"><h4>Da li su apartmani u Kraljevu pogodni za pojedince i ve\u0107e grupe?<\/h4><i class=\"vc_toggle_icon\"><\/i><\/div><div class=\"vc_toggle_content\"><p>Ve\u0107ina apartmana u centru Kraljeva je idealna za pojedince, parove, kao i ve\u0107e grupe.<\/p>\n<\/div><\/div><div style=\"background-color:;height: 30px\" class=\"nicdark_section\"><\/div><div style=\"background-color:;height: 30px\" class=\"nicdark_section\"><\/div><div style=\"background-color:;height: 30px\" class=\"nicdark_section\"><\/div><div style=\"background-color:;height: 30px\" class=\"nicdark_section\"><\/div><div style=\"background-color:;height: 30px\" class=\"nicdark_section\"><\/div><\/div><\/div><\/div><\/div>","protected":false},"excerpt":{"rendered":"Naj\u010de\u0161\u0107a pitanja U nastavku mo\u017eete pogledati neka od na\u0161ih naj\u010de\u0107ih pitanja Uskoro \u010cesta pitanja \/ FAQ Koji su najbolji tipovi sme\u0161taja u Kraljevu?Najbolji tip sme\u0161taja za najam u Kraljevu su stanovi na dan. Da li su apartmani u Kraljevu najjeftiniji sme\u0161taj?Apartmani u Kraljevu su najjeftiniji sme\u0161taj i predstavljaju odli\u010dnu alternativu hotelskom sme\u0161taju. Kako mo\u017eete izvr\u0161iti [...]","protected":false},"author":1,"featured_media":0,"parent":0,"menu_order":0,"comment_status":"closed","ping_status":"closed","template":"","meta":{"ngg_post_thumbnail":0,"footnotes":""},"class_list":["post-877","page","type-page","status-publish","hentry"],"_links":{"self":[{"href":"https:\/\/apartmaniukraljevu.rs\/en\/wp-json\/wp\/v2\/pages\/877","targetHints":{"allow":["GET"]}}],"collection":[{"href":"https:\/\/apartmaniukraljevu.rs\/en\/wp-json\/wp\/v2\/pages"}],"about":[{"href":"https:\/\/apartmaniukraljevu.rs\/en\/wp-json\/wp\/v2\/types\/page"}],"author":[{"embeddable":true,"href":"https:\/\/apartmaniukraljevu.rs\/en\/wp-json\/wp\/v2\/users\/1"}],"replies":[{"embeddable":true,"href":"https:\/\/apartmaniukraljevu.rs\/en\/wp-json\/wp\/v2\/comments?post=877"}],"version-history":[{"count":25,"href":"https:\/\/apartmaniukraljevu.rs\/en\/wp-json\/wp\/v2\/pages\/877\/revisions"}],"predecessor-version":[{"id":2087,"href":"https:\/\/apartmaniukraljevu.rs\/en\/wp-json\/wp\/v2\/pages\/877\/revisions\/2087"}],"wp:attachment":[{"href":"https:\/\/apartmaniukraljevu.rs\/en\/wp-json\/wp\/v2\/media?parent=877"}],"curies":[{"name":"wp","href":"https:\/\/api.w.org\/{rel}","templated":true}]}}