{"id":2051,"date":"2024-09-04T02:48:50","date_gmt":"2024-09-04T02:48:50","guid":{"rendered":"https:\/\/apartmaniukraljevu.rs\/?page_id=2051"},"modified":"2024-09-04T03:33:43","modified_gmt":"2024-09-04T03:33:43","slug":"dodaj-apartman","status":"publish","type":"page","link":"https:\/\/apartmaniukraljevu.rs\/en\/dodaj-apartman\/","title":{"rendered":"Dodavanje apartmana"},"content":{"rendered":"<div class=\"vc_row wpb_row vc_row-fluid\"><div class=\"wpb_column vc_column_container vc_col-sm-3\"><div class=\"vc_column-inner vc_custom_1467214267244\"><div class=\"wpb_wrapper\"> <h2 style=\"color:;padding:px;text-align:;font-size:25px;line-height:25px;letter-spacing: px;font-weight:normal\" class=\"nd_options_first_font\">Apartmani u Kraljevu<\/h2> <div class=\"vc_empty_space\"   style=\"height: 32px\"><span class=\"vc_empty_space_inner\"><\/span><\/div> <h2 style=\"color:;padding:px;text-align:;font-size:25px;line-height:25px;letter-spacing: px;font-weight:normal\" class=\"nd_options_first_font\">Dodavanje apartmana mo\u017eete izvr\u0161iti popunjavanjem forme ispod.<\/h2> <div class=\"vc_empty_space\"   style=\"height: 32px\"><span class=\"vc_empty_space_inner\"><\/span><\/div> <h2 style=\"color:;padding:px;text-align:;font-size:25px;line-height:25px;letter-spacing: px;font-weight:normal\" class=\"nd_options_first_font\">Poku\u0161ajte uneti \u0161to vi\u0161e informacija o Va\u0161em apartmanu.<\/h2> <div style=\"background-color:;height: 20px\" class=\"nicdark_section\"><\/div>\n\t<div class=\"wpb_text_column wpb_content_element\" >\n\t\t<div class=\"wpb_wrapper\">\n\t\t\t\n\t\t<\/div>\n\t<\/div>\n<div style=\"background-color:;height: 10px\" class=\"nicdark_section\"><\/div><div style=\"background-color:;height: 10px\" class=\"nicdark_section\"><\/div><div style=\"background-color:;height: 10px\" class=\"nicdark_section\"><\/div><div style=\"background-color:;height: 10px\" class=\"nicdark_section\"><\/div><div style=\"background-color:;height: 10px\" class=\"nicdark_section\"><\/div><div style=\"background-color:;height: 10px\" class=\"nicdark_section\"><\/div><div style=\"background-color:;height: 20px\" class=\"nicdark_section\"><\/div><\/div><\/div><\/div><div class=\"wpb_column vc_column_container vc_col-sm-9\"><div class=\"vc_column-inner vc_custom_1467214272039\"><div class=\"wpb_wrapper\"> <h2 style=\"color:;padding:px;text-align:;font-size:25px;line-height:25px;letter-spacing: px;font-weight:normal\" class=\"nd_options_first_font\">Neki od benefita dadavanja apartmana na na\u0161oj platformi<\/h2> <div class=\"vc_empty_space\"   style=\"height: 32px\"><span class=\"vc_empty_space_inner\"><\/span><\/div>\n\t<div class=\"wpb_text_column wpb_content_element\" >\n\t\t<div class=\"wpb_wrapper\">\n\t\t\t<p>&#8211; Lako i jednostavno kori\u0161\u0107enje platforme<br \/>\n&#8211; Besplatno ogla\u0161avanje \/ Pla\u0107ate samo proviziju po ostvarenoj rezervaciji<br \/>\n&#8211; Online pla\u0107anje \/ Mogu\u0107nost online pla\u0107anja \/ Implementacija u toku<br \/>\n&#8211; Korisni\u010dki Servis \/ Na\u0161 tim za podr\u0161ku je uvek tu da pomogne<br \/>\n&#8211; Zaradi Reputaciju \/ Utisci poma\u017eu da izgradite realnu reputaciju<br \/>\n&#8211; Na\u010dini pla\u0107anja \/ Direktno od gosta<br \/>\n&#8211; Mobile-friendly web sajt<br \/>\n&#8211; Optimizovan za mobilne telefone<br \/>\n&#8211; Optimizovan za google<br \/>\n&#8211; Va\u0161 apartman \u0107e biti medju prvima na google<\/p>\n<p>&nbsp;<\/p>\n<p>Ukoliko imate bilo kakvih pitanja ili nejasno\u0107a u vezi sa dodavanjem apartmana, slobodno nas <a href=\"https:\/\/apartmaniukraljevu.rs\/en\/contact\/\">kontaktirajte<\/a> putem putem e-maila ili telefona. Na\u0161 telefon podr\u017eava WhatsApp i Viber, tako da nas mo\u017eete pozvati ili poslati poruku u vreme koje vam najvi\u0161e odgovara. Tako\u0111e dostupni smo i preko na\u0161eg instagram naloga.<\/p>\n<p>&nbsp;<\/p>\n<p>Na\u0161 tim \u0107e vam pru\u017eiti sve potrebne informacije o slobodnim terminima apartmana, kao i o posebnim zahtevima koje mo\u017eda imate.<\/p>\n\n\t\t<\/div>\n\t<\/div>\n<\/div><\/div><\/div><\/div><div class=\"vc_row wpb_row vc_row-fluid\"><div class=\"wpb_column vc_column_container vc_col-sm-12\"><div class=\"vc_column-inner\"><div class=\"wpb_wrapper\"><div style=\"background-color:;height: 20px\" class=\"nicdark_section\"><\/div><div style=\"background-color:;height: 20px\" class=\"nicdark_section\"><\/div><div style=\"background-color:;height: 20px\" class=\"nicdark_section\"><\/div><div style=\"background-color:;height: 20px\" class=\"nicdark_section\"><\/div>\n\t<div class=\"wpb_text_column wpb_content_element\" >\n\t\t<div class=\"wpb_wrapper\">\n\t\t\t<p><script src=\"https:\/\/static.elfsight.com\/platform\/platform.js\" data-use-service-core=\"\" defer=\"\"><\/script><\/p>\n<div class=\"elfsight-app-499b3be5-7f63-4134-bfa4-38d2a81d9fe1\" data-elfsight-app-lazy=\"\">&nbsp;<\/div>\n\n\t\t<\/div>\n\t<\/div>\n<div style=\"background-color:;height: 20px\" class=\"nicdark_section\"><\/div><div style=\"background-color:;height: 20px\" class=\"nicdark_section\"><\/div><div style=\"background-color:;height: 20px\" class=\"nicdark_section\"><\/div><\/div><\/div><\/div><\/div><div data-vc-full-width=\"true\" data-vc-full-width-init=\"false\" data-vc-stretch-content=\"true\" class=\"vc_row wpb_row vc_row-fluid vc_custom_1725329360697 vc_row-no-padding\"><div class=\"wpb_column vc_column_container vc_col-sm-12\"><div class=\"vc_column-inner\"><div class=\"wpb_wrapper\"><div style=\"background-color:;height: 20px\" class=\"nicdark_section\"><\/div><div style=\"background-color:;height: 20px\" class=\"nicdark_section\"><\/div><div style=\"background-color:;height: 20px\" class=\"nicdark_section\"><\/div><div style=\"background-color:;height: 20px\" class=\"nicdark_section\"><\/div><div style=\"background-color:;height: 20px\" class=\"nicdark_section\"><\/div><div style=\"background-color:;height: 20px\" class=\"nicdark_section\"><\/div>\n\t<div class=\"wpb_text_column wpb_content_element\" >\n\t\t<div class=\"wpb_wrapper\">\n\t\t\t<p><script src=\"https:\/\/static.elfsight.com\/platform\/platform.js\" data-use-service-core=\"\" defer=\"\"><\/script><\/p>\n<div class=\"elfsight-app-0e673e70-7e51-48c1-854b-c00980ef2763\" data-elfsight-app-lazy=\"\">&nbsp;<\/div>\n\n\t\t<\/div>\n\t<\/div>\n<\/div><\/div><\/div><\/div><div class=\"vc_row-full-width vc_clearfix\"><\/div>","protected":false},"excerpt":{"rendered":"Apartmani u Kraljevu Dodavanje apartmana mo\u017eete izvr\u0161iti popunjavanjem forme ispod. Poku\u0161ajte uneti \u0161to vi\u0161e informacija o Va\u0161em apartmanu. Neki od benefita dadavanja apartmana na na\u0161oj platformi - Lako i jednostavno kori\u0161\u0107enje platforme - Besplatno ogla\u0161avanje \/ Pla\u0107ate samo proviziju po ostvarenoj rezervaciji - Online pla\u0107anje \/ Mogu\u0107nost online pla\u0107anja \/ Implementacija u toku - Korisni\u010dki [...]","protected":false},"author":1,"featured_media":0,"parent":0,"menu_order":0,"comment_status":"closed","ping_status":"closed","template":"","meta":{"ngg_post_thumbnail":0,"footnotes":""},"class_list":["post-2051","page","type-page","status-publish","hentry"],"_links":{"self":[{"href":"https:\/\/apartmaniukraljevu.rs\/en\/wp-json\/wp\/v2\/pages\/2051","targetHints":{"allow":["GET"]}}],"collection":[{"href":"https:\/\/apartmaniukraljevu.rs\/en\/wp-json\/wp\/v2\/pages"}],"about":[{"href":"https:\/\/apartmaniukraljevu.rs\/en\/wp-json\/wp\/v2\/types\/page"}],"author":[{"embeddable":true,"href":"https:\/\/apartmaniukraljevu.rs\/en\/wp-json\/wp\/v2\/users\/1"}],"replies":[{"embeddable":true,"href":"https:\/\/apartmaniukraljevu.rs\/en\/wp-json\/wp\/v2\/comments?post=2051"}],"version-history":[{"count":12,"href":"https:\/\/apartmaniukraljevu.rs\/en\/wp-json\/wp\/v2\/pages\/2051\/revisions"}],"predecessor-version":[{"id":2064,"href":"https:\/\/apartmaniukraljevu.rs\/en\/wp-json\/wp\/v2\/pages\/2051\/revisions\/2064"}],"wp:attachment":[{"href":"https:\/\/apartmaniukraljevu.rs\/en\/wp-json\/wp\/v2\/media?parent=2051"}],"curies":[{"name":"wp","href":"https:\/\/api.w.org\/{rel}","templated":true}]}}