{"id":20,"date":"2017-06-30T09:49:25","date_gmt":"2017-06-30T09:49:25","guid":{"rendered":"http:\/\/www.nicdarkthemes.com\/themes\/hotel\/wp\/demo\/?page_id=20"},"modified":"2024-09-03T02:56:00","modified_gmt":"2024-09-03T02:56:00","slug":"blog","status":"publish","type":"page","link":"https:\/\/apartmaniukraljevu.rs\/en\/blog\/","title":{"rendered":"Blog"},"content":{"rendered":"<div class=\"vc_row wpb_row vc_row-fluid\"><div class=\"wpb_column vc_column_container vc_col-sm-12\"><div class=\"vc_column-inner vc_custom_1499951634504\"><div class=\"wpb_wrapper\"><!--START MASONRY--><div class=\"nd_options_section nd_options_masonry_content\">\n\n\n\t    <div class=\"nd_options_width_33_percentage nd_options_float_left nd_options_padding_15 nd_options_box_sizing_border_box nd_options_masonry_item nd_options_width_100_percentage_responsive\">\n\t\t    <div class=\"nd_options_section nd_options_border_1_solid_grey nd_options_bg_white\">\n\n\t\t        <div class=\"nd_options_section nd_options_position_relative\">\n\t\t            \n\t\t            \n\n\n\t\t  \t<div class=\"nd_options_section nd_options_position_relative\">\n\t\t        <a href=\"https:\/\/apartmaniukraljevu.rs\/en\/2024\/09\/03\/jutro-u-kraljevu-gde-zapoceti-dan\/\"><img decoding=\"async\" alt=\"\" class=\"nd_options_section\" src=\"https:\/\/apartmaniukraljevu.rs\/wp-content\/uploads\/2017\/07\/Untitled-5.jpg\"><\/a>\n\t\t    <\/div>\n\n\t\t  \t\n\n\t\t        <\/div>\n\n\t\t        <div class=\"nd_options_section nd_options_padding_30 nd_options_box_sizing_border_box\">\n\t\t            <h5 class=\"nd_options_margin_0_important nd_options_padding_0 nd_options_second_font nd_options_color_greydark nd_options_font_size_12 nd_options_text_transform_uppercase nd_options_letter_spacing_3 nd_options_font_weight_lighter\">Jutro u Kraljevu: Gde zapo\u010deti dan? <\/h5>\n\n\t\t            <div class=\"nd_options_section nd_options_height_15\"><\/div>\n\t \t\t\t\t<div class=\"nd_options_section nd_options_line_height_0\"><span class=\"nd_options_display_inline_block nd_options_float_left nd_options_bg_greydark nd_options_width_30 nd_options_height_1\"><\/span><\/div>\n\t \t\t\t\t<div class=\"nd_options_section nd_options_height_15\"><\/div>\n\n\t\t            <h2 class=\"nd_options_margin_0_important nd_options_padding_0\">Jutro u Kraljevu: Gde zapo\u010deti dan?<\/h2>\n\t\t            <div class=\"nd_options_section nd_options_height_20\"><\/div>\n\t\t            <p class=\"nd_options_margin_0_important nd_options_padding_0\">Kraljevo, grad sa bogatom istorijom i toplom atmosferom, nudi savr\u0161eno okru\u017eenje za one koji \u017eele da zapo\u010dnu svoj dan u opu\u0161taju\u0107em i inspirativnom ambijentu. Bez obzira da li ste ovde prvi put ili ste stari znanac grada, jutro u Kraljevu nudi mnogo mogu\u0107nosti za u\u017eivanje. Evo nekoliko predloga kako da zapo\u010dnete dan u ovom \u0161armantnom [&hellip;]<\/p>\n\t\t            <div class=\"nd_options_section nd_options_height_20\"><\/div>\n\t\t            <a style=\"border: 2px solid #000;color:#000\" class=\"nd_options_display_inline_block nd_options_line_height_11 nd_options_text_align_center nd_options_box_sizing_border_box nd_options_font_size_11 nd_options_font_weight_bold nd_options_second_font nd_options_padding_15_30\" href=\"https:\/\/apartmaniukraljevu.rs\/en\/2024\/09\/03\/jutro-u-kraljevu-gde-zapoceti-dan\/\">READ MORE<\/a>\n\n\t\t        <\/div>\n\n\t\t    <\/div>\n\t\t<\/div>\n\n\n\t  \n\n\n\t    <div class=\"nd_options_width_33_percentage nd_options_float_left nd_options_padding_15 nd_options_box_sizing_border_box nd_options_masonry_item nd_options_width_100_percentage_responsive\">\n\t\t    <div class=\"nd_options_section nd_options_border_1_solid_grey nd_options_bg_white\">\n\n\t\t        <div class=\"nd_options_section nd_options_position_relative\">\n\t\t            \n\t\t            \n\n\n\t\t  \t<div class=\"nd_options_section nd_options_position_relative\">\n\t\t        <a href=\"https:\/\/apartmaniukraljevu.rs\/en\/2024\/09\/24\/taxi-prevoz-kraljevo-pro-taxi\/\"><img decoding=\"async\" alt=\"\" class=\"nd_options_section\" src=\"https:\/\/apartmaniukraljevu.rs\/wp-content\/uploads\/2024\/09\/WhatsApp-Image-2024-09-24-at-15.04.54-576x1024.jpeg\"><\/a>\n\t\t    <\/div>\n\n\t\t  \t\n\n\t\t        <\/div>\n\n\t\t        <div class=\"nd_options_section nd_options_padding_30 nd_options_box_sizing_border_box\">\n\t\t            <h5 class=\"nd_options_margin_0_important nd_options_padding_0 nd_options_second_font nd_options_color_greydark nd_options_font_size_12 nd_options_text_transform_uppercase nd_options_letter_spacing_3 nd_options_font_weight_lighter\">Taxi prevoz Kraljevo <\/h5>\n\n\t\t            <div class=\"nd_options_section nd_options_height_15\"><\/div>\n\t \t\t\t\t<div class=\"nd_options_section nd_options_line_height_0\"><span class=\"nd_options_display_inline_block nd_options_float_left nd_options_bg_greydark nd_options_width_30 nd_options_height_1\"><\/span><\/div>\n\t \t\t\t\t<div class=\"nd_options_section nd_options_height_15\"><\/div>\n\n\t\t            <h2 class=\"nd_options_margin_0_important nd_options_padding_0\">Taxi prevoz Kraljevo &#8211; PRO TAXI<\/h2>\n\t\t            <div class=\"nd_options_section nd_options_height_20\"><\/div>\n\t\t            <p class=\"nd_options_margin_0_important nd_options_padding_0\">PRO TAXI Kraljevo \u2013 Va\u0161 pouzdan partner u svakodnevnom prevozu Kada tra\u017eite pouzdan i brz prevoz u Kraljevu, PRO TAXI je pravo re\u0161enje za vas! Bilo da ste lokalni stanovnik, poslovni putnik ili posetilac, tim profesionalnih voza\u010da je tu da vam obezbedi udoban i siguran prevoz do \u017eeljene destinacije. Usluge Brzina i ta\u010dnost Sigurnost na [&hellip;]<\/p>\n\t\t            <div class=\"nd_options_section nd_options_height_20\"><\/div>\n\t\t            <a style=\"border: 2px solid #000;color:#000\" class=\"nd_options_display_inline_block nd_options_line_height_11 nd_options_text_align_center nd_options_box_sizing_border_box nd_options_font_size_11 nd_options_font_weight_bold nd_options_second_font nd_options_padding_15_30\" href=\"https:\/\/apartmaniukraljevu.rs\/en\/2024\/09\/24\/taxi-prevoz-kraljevo-pro-taxi\/\">READ MORE<\/a>\n\n\t\t        <\/div>\n\n\t\t    <\/div>\n\t\t<\/div>\n\n\n\t  <\/div><!--CLOSE MASONRY--><\/div><\/div><\/div><\/div>","protected":false},"excerpt":{"rendered":"PRO TAXI Kraljevo \u2013 Va\u0161 pouzdan partner u svakodnevnom prevozu Kada tra\u017eite pouzdan i brz prevoz u Kraljevu, PRO TAXI je pravo re\u0161enje za vas! Bilo da ste lokalni stanovnik, poslovni putnik ili posetilac, tim profesionalnih voza\u010da je tu da vam obezbedi udoban i siguran prevoz do \u017eeljene destinacije. Usluge Brzina i ta\u010dnost Sigurnost na [...]","protected":false},"author":1,"featured_media":0,"parent":0,"menu_order":0,"comment_status":"closed","ping_status":"closed","template":"","meta":{"ngg_post_thumbnail":0,"footnotes":""},"class_list":["post-20","page","type-page","status-publish","hentry"],"_links":{"self":[{"href":"https:\/\/apartmaniukraljevu.rs\/en\/wp-json\/wp\/v2\/pages\/20","targetHints":{"allow":["GET"]}}],"collection":[{"href":"https:\/\/apartmaniukraljevu.rs\/en\/wp-json\/wp\/v2\/pages"}],"about":[{"href":"https:\/\/apartmaniukraljevu.rs\/en\/wp-json\/wp\/v2\/types\/page"}],"author":[{"embeddable":true,"href":"https:\/\/apartmaniukraljevu.rs\/en\/wp-json\/wp\/v2\/users\/1"}],"replies":[{"embeddable":true,"href":"https:\/\/apartmaniukraljevu.rs\/en\/wp-json\/wp\/v2\/comments?post=20"}],"version-history":[{"count":1,"href":"https:\/\/apartmaniukraljevu.rs\/en\/wp-json\/wp\/v2\/pages\/20\/revisions"}],"predecessor-version":[{"id":1881,"href":"https:\/\/apartmaniukraljevu.rs\/en\/wp-json\/wp\/v2\/pages\/20\/revisions\/1881"}],"wp:attachment":[{"href":"https:\/\/apartmaniukraljevu.rs\/en\/wp-json\/wp\/v2\/media?parent=20"}],"curies":[{"name":"wp","href":"https:\/\/api.w.org\/{rel}","templated":true}]}}