{"id":18,"date":"2017-06-30T09:48:28","date_gmt":"2017-06-30T09:48:28","guid":{"rendered":"http:\/\/www.nicdarkthemes.com\/themes\/hotel\/wp\/demo\/?page_id=18"},"modified":"2025-02-26T12:54:34","modified_gmt":"2025-02-26T12:54:34","slug":"contact","status":"publish","type":"page","link":"https:\/\/apartmaniukraljevu.rs\/en\/contact\/","title":{"rendered":"Kontakt"},"content":{"rendered":"<div class=\"vc_row wpb_row vc_row-fluid\"><div class=\"wpb_column vc_column_container vc_col-sm-6\"><div class=\"vc_column-inner vc_custom_1467214267244\"><div class=\"wpb_wrapper\"><div style=\"background-color:;height: 20px\" class=\"nicdark_section\"><\/div> <h2 style=\"color:;padding:px;text-align:;font-size:25px;line-height:25px;letter-spacing: px;font-weight:normal\" class=\"nd_options_first_font\">Kontaktirajte nas<\/h2> <div style=\"background-color:;height: 20px\" class=\"nicdark_section\"><\/div>\n\t<div class=\"wpb_text_column wpb_content_element\" >\n\t\t<div class=\"wpb_wrapper\">\n\t\t\t<p>U nastavku se nalaze kontakt podaci:<\/p>\n\n\t\t<\/div>\n\t<\/div>\n<div style=\"background-color:;height: 10px\" class=\"nicdark_section\"><\/div><div style=\"background-color:;height: 10px\" class=\"nicdark_section\"><\/div><div style=\"background-color:;height: 10px\" class=\"nicdark_section\"><\/div><div style=\"background-color:;height: 10px\" class=\"nicdark_section\"><\/div><div style=\"background-color:;height: 10px\" class=\"nicdark_section\"><\/div><div style=\"background-color:;height: 10px\" class=\"nicdark_section\"><\/div>\n\t<div class=\"wpb_text_column wpb_content_element\" >\n\t\t<div class=\"wpb_wrapper\">\n\t\t\t<div class=\"nd_options_display_table nd_options_float_left\">\n<h4 class=\"nd_options_display_table_cell nd_options_vertical_align_middle\"><strong>Tel.: <a class=\"nd_options_margin_right_20 nd_options__font\" href=\"tel: 381603263266\">060 32 63 266<\/a><\/strong><\/h4>\n<\/div>\n\n\t\t<\/div>\n\t<\/div>\n<div style=\"background-color:;height: 20px\" class=\"nicdark_section\"><\/div>\n\t<div class=\"wpb_text_column wpb_content_element\" >\n\t\t<div class=\"wpb_wrapper\">\n\t\t\t<h4 class=\"nd_options_display_table nd_options_float_left\"><strong>E-mail: <a class=\"nd_options_margin_right_20 nd_options__font\" href=\"mailto:apartmaniukraljevu@gmail.com\">apartmaniukraljevu@gmail.com<\/a><\/strong><\/h4>\n\n\t\t<\/div>\n\t<\/div>\n<div style=\"background-color:;height: 20px\" class=\"nicdark_section\"><\/div><\/div><\/div><\/div><div class=\"wpb_column vc_column_container vc_col-sm-6\"><div class=\"vc_column-inner vc_custom_1467214272039\"><div class=\"wpb_wrapper\">\n\t<div class=\"wpb_text_column wpb_content_element\" >\n\t\t<div class=\"wpb_wrapper\">\n\t\t\t<p>Ukoliko imate bilo kakvih pitanja ili nejasno\u0107a u vezi sa procesom rezervacije, slobodno nas kontaktirajte putem kontakt forme ispod, putem e-maila ili telefona. Na\u0161 telefon podr\u017eava WhatsApp i Viber, tako da nas mo\u017eete pozvati ili poslati poruku u vreme koje vam najvi\u0161e odgovara. Tako\u0111e dostupni smo i preko na\u0161eg instagram naloga.<\/p>\n<p>&nbsp;<\/p>\n<p>Na\u0161 tim \u0107e vam pru\u017eiti sve potrebne informacije o slobodnim terminima apartmana, kao i o posebnim zahtevima koje mo\u017eda imate.<\/p>\n\n\t\t<\/div>\n\t<\/div>\n<\/div><\/div><\/div><\/div><div class=\"vc_row wpb_row vc_row-fluid\"><div class=\"wpb_column vc_column_container vc_col-sm-12\"><div class=\"vc_column-inner\"><div class=\"wpb_wrapper\"><div style=\"background-color:;height: 20px\" class=\"nicdark_section\"><\/div><div style=\"background-color:;height: 20px\" class=\"nicdark_section\"><\/div><div style=\"background-color:;height: 20px\" class=\"nicdark_section\"><\/div><div style=\"background-color:;height: 20px\" class=\"nicdark_section\"><\/div>\n\t<div class=\"wpb_text_column wpb_content_element\" >\n\t\t<div class=\"wpb_wrapper\">\n\t\t\t<p><script src=\"https:\/\/static.elfsight.com\/platform\/platform.js\" data-use-service-core=\"\" defer=\"\"><\/script><\/p>\n<div class=\"elfsight-app-c036a07d-1443-409e-bad8-59c976fc226c\" data-elfsight-app-lazy=\"\">&nbsp;<\/div>\n\n\t\t<\/div>\n\t<\/div>\n<div style=\"background-color:;height: 20px\" class=\"nicdark_section\"><\/div><div style=\"background-color:;height: 20px\" class=\"nicdark_section\"><\/div><div style=\"background-color:;height: 20px\" class=\"nicdark_section\"><\/div><\/div><\/div><\/div><\/div><div data-vc-full-width=\"true\" data-vc-full-width-init=\"false\" data-vc-stretch-content=\"true\" class=\"vc_row wpb_row vc_row-fluid vc_custom_1725329360697 vc_row-no-padding\"><div class=\"wpb_column vc_column_container vc_col-sm-12\"><div class=\"vc_column-inner\"><div class=\"wpb_wrapper\"><div style=\"background-color:;height: 20px\" class=\"nicdark_section\"><\/div><div style=\"background-color:;height: 20px\" class=\"nicdark_section\"><\/div><div style=\"background-color:;height: 20px\" class=\"nicdark_section\"><\/div><div style=\"background-color:;height: 20px\" class=\"nicdark_section\"><\/div><div style=\"background-color:;height: 20px\" class=\"nicdark_section\"><\/div><div style=\"background-color:;height: 20px\" class=\"nicdark_section\"><\/div>\n\t<div class=\"wpb_text_column wpb_content_element\" >\n\t\t<div class=\"wpb_wrapper\">\n\t\t\t<p><script src=\"https:\/\/static.elfsight.com\/platform\/platform.js\" data-use-service-core=\"\" defer=\"\"><\/script><\/p>\n<div class=\"elfsight-app-0e673e70-7e51-48c1-854b-c00980ef2763\" data-elfsight-app-lazy=\"\">&nbsp;<\/div>\n\n\t\t<\/div>\n\t<\/div>\n<\/div><\/div><\/div><\/div><div class=\"vc_row-full-width vc_clearfix\"><\/div>","protected":false},"excerpt":{"rendered":"Kontaktirajte nas U nastavku se nalaze kontakt podaci: Tel.: 060 32 63 266 E-mail: apartmaniukraljevu@gmail.com Ukoliko imate bilo kakvih pitanja ili nejasno\u0107a u vezi sa procesom rezervacije, slobodno nas kontaktirajte putem kontakt forme ispod, putem e-maila ili telefona. Na\u0161 telefon podr\u017eava WhatsApp i Viber, tako da nas mo\u017eete pozvati ili poslati poruku u vreme koje [...]","protected":false},"author":1,"featured_media":0,"parent":0,"menu_order":0,"comment_status":"closed","ping_status":"closed","template":"","meta":{"ngg_post_thumbnail":0,"footnotes":""},"class_list":["post-18","page","type-page","status-publish","hentry"],"_links":{"self":[{"href":"https:\/\/apartmaniukraljevu.rs\/en\/wp-json\/wp\/v2\/pages\/18","targetHints":{"allow":["GET"]}}],"collection":[{"href":"https:\/\/apartmaniukraljevu.rs\/en\/wp-json\/wp\/v2\/pages"}],"about":[{"href":"https:\/\/apartmaniukraljevu.rs\/en\/wp-json\/wp\/v2\/types\/page"}],"author":[{"embeddable":true,"href":"https:\/\/apartmaniukraljevu.rs\/en\/wp-json\/wp\/v2\/users\/1"}],"replies":[{"embeddable":true,"href":"https:\/\/apartmaniukraljevu.rs\/en\/wp-json\/wp\/v2\/comments?post=18"}],"version-history":[{"count":25,"href":"https:\/\/apartmaniukraljevu.rs\/en\/wp-json\/wp\/v2\/pages\/18\/revisions"}],"predecessor-version":[{"id":2223,"href":"https:\/\/apartmaniukraljevu.rs\/en\/wp-json\/wp\/v2\/pages\/18\/revisions\/2223"}],"wp:attachment":[{"href":"https:\/\/apartmaniukraljevu.rs\/en\/wp-json\/wp\/v2\/media?parent=18"}],"curies":[{"name":"wp","href":"https:\/\/api.w.org\/{rel}","templated":true}]}}